{"id":53,"date":"2025-01-27T12:46:22","date_gmt":"2025-01-27T12:46:22","guid":{"rendered":"https:\/\/protelect.es\/?page_id=53"},"modified":"2025-02-24T17:50:31","modified_gmt":"2025-02-24T17:50:31","slug":"centros-de-mecanizado","status":"publish","type":"page","link":"https:\/\/protelect.es\/index.php\/centros-de-mecanizado\/","title":{"rendered":"Centros de Mecanizado"},"content":{"rendered":"\t\t<div data-elementor-type=\"wp-page\" data-elementor-id=\"53\" class=\"elementor elementor-53\">\n\t\t\t\t<div class=\"elementor-element elementor-element-a8e00c5 e-flex e-con-boxed e-con e-parent\" data-id=\"a8e00c5\" data-element_type=\"container\">\n\t\t\t\t\t<div class=\"e-con-inner\">\n\t\t\t\t<div class=\"elementor-element elementor-element-6b84d39 elementor-widget elementor-widget-heading\" data-id=\"6b84d39\" data-element_type=\"widget\" data-widget_type=\"heading.default\">\n\t\t\t\t<div class=\"elementor-widget-container\">\n\t\t\t\t\t<h2 class=\"elementor-heading-title elementor-size-default\">Centros de Mecanizado<\/h2>\t\t\t\t<\/div>\n\t\t\t\t<\/div>\n\t\t\t\t\t<\/div>\n\t\t\t\t<\/div>\n\t\t<div class=\"elementor-element elementor-element-59f1a13 e-flex e-con-boxed e-con e-parent\" data-id=\"59f1a13\" data-element_type=\"container\">\n\t\t\t\t\t<div class=\"e-con-inner\">\n\t\t<div class=\"elementor-element elementor-element-e3c029a e-con-full e-flex e-con e-child\" data-id=\"e3c029a\" data-element_type=\"container\">\n\t\t\t\t<div class=\"elementor-element elementor-element-be82363 elementor-arrows-position-inside elementor-pagination-position-outside elementor-widget elementor-widget-image-carousel\" data-id=\"be82363\" data-element_type=\"widget\" data-settings=\"{&quot;slides_to_show&quot;:&quot;1&quot;,&quot;navigation&quot;:&quot;both&quot;,&quot;autoplay&quot;:&quot;yes&quot;,&quot;pause_on_hover&quot;:&quot;yes&quot;,&quot;pause_on_interaction&quot;:&quot;yes&quot;,&quot;autoplay_speed&quot;:5000,&quot;infinite&quot;:&quot;yes&quot;,&quot;effect&quot;:&quot;slide&quot;,&quot;speed&quot;:500}\" data-widget_type=\"image-carousel.default\">\n\t\t\t\t<div class=\"elementor-widget-container\">\n\t\t\t\t\t\t\t<div class=\"elementor-image-carousel-wrapper swiper\" role=\"region\" aria-roledescription=\"carousel\" aria-label=\"Carrusel de im\u00e1genes\" dir=\"ltr\">\n\t\t\t<div class=\"elementor-image-carousel swiper-wrapper\" aria-live=\"off\">\n\t\t\t\t\t\t\t\t<div class=\"swiper-slide\" role=\"group\" aria-roledescription=\"slide\" aria-label=\"1 de 6\"><figure class=\"swiper-slide-inner\"><img decoding=\"async\" class=\"swiper-slide-image\" src=\"https:\/\/protelect.es\/wp-content\/uploads\/2025\/01\/centro-mecanizado-5-ejes-4-1024x768.jpg\" alt=\"centro-mecanizado\" \/><\/figure><\/div><div class=\"swiper-slide\" role=\"group\" aria-roledescription=\"slide\" aria-label=\"2 de 6\"><figure class=\"swiper-slide-inner\"><img decoding=\"async\" class=\"swiper-slide-image\" src=\"https:\/\/protelect.es\/wp-content\/uploads\/2025\/01\/centro-mecanizado-5-ejes-3.jpg\" alt=\"centro-mecanizado-5-ejes-3\" \/><\/figure><\/div><div class=\"swiper-slide\" role=\"group\" aria-roledescription=\"slide\" aria-label=\"3 de 6\"><figure class=\"swiper-slide-inner\"><img decoding=\"async\" class=\"swiper-slide-image\" src=\"https:\/\/protelect.es\/wp-content\/uploads\/2025\/01\/centro-mecanizado-5-ejes-2-1024x578.jpg\" alt=\"centro-mecanizado-5-ejes-2\" \/><\/figure><\/div><div class=\"swiper-slide\" role=\"group\" aria-roledescription=\"slide\" aria-label=\"4 de 6\"><figure class=\"swiper-slide-inner\"><img decoding=\"async\" class=\"swiper-slide-image\" src=\"https:\/\/protelect.es\/wp-content\/uploads\/2025\/01\/centro-mecanizado-3-4-ejes.jpg\" alt=\"centro-mecanizado\" \/><\/figure><\/div><div class=\"swiper-slide\" role=\"group\" aria-roledescription=\"slide\" aria-label=\"5 de 6\"><figure class=\"swiper-slide-inner\"><img decoding=\"async\" class=\"swiper-slide-image\" src=\"https:\/\/protelect.es\/wp-content\/uploads\/2025\/01\/centro-mecanizado-5-ejes-1024x578.jpg\" alt=\"centro-mecanizado-5-ejes\" \/><\/figure><\/div><div class=\"swiper-slide\" role=\"group\" aria-roledescription=\"slide\" aria-label=\"6 de 6\"><figure class=\"swiper-slide-inner\"><img decoding=\"async\" class=\"swiper-slide-image\" src=\"https:\/\/protelect.es\/wp-content\/uploads\/2025\/01\/centro-mecanizado-1024x768.jpg\" alt=\"centro-mecanizado\" \/><\/figure><\/div>\t\t\t<\/div>\n\t\t\t\t\t\t\t\t\t\t\t\t<div class=\"elementor-swiper-button elementor-swiper-button-prev\" role=\"button\" tabindex=\"0\">\n\t\t\t\t\t\t<svg aria-hidden=\"true\" class=\"e-font-icon-svg e-eicon-chevron-left\" viewBox=\"0 0 1000 1000\" xmlns=\"http:\/\/www.w3.org\/2000\/svg\"><path d=\"M646 125C629 125 613 133 604 142L308 442C296 454 292 471 292 487 292 504 296 521 308 533L604 854C617 867 629 875 646 875 663 875 679 871 692 858 704 846 713 829 713 812 713 796 708 779 692 767L438 487 692 225C700 217 708 204 708 187 708 171 704 154 692 142 675 129 663 125 646 125Z\"><\/path><\/svg>\t\t\t\t\t<\/div>\n\t\t\t\t\t<div class=\"elementor-swiper-button elementor-swiper-button-next\" role=\"button\" tabindex=\"0\">\n\t\t\t\t\t\t<svg aria-hidden=\"true\" class=\"e-font-icon-svg e-eicon-chevron-right\" viewBox=\"0 0 1000 1000\" xmlns=\"http:\/\/www.w3.org\/2000\/svg\"><path d=\"M696 533C708 521 713 504 713 487 713 471 708 454 696 446L400 146C388 133 375 125 354 125 338 125 325 129 313 142 300 154 292 171 292 187 292 204 296 221 308 233L563 492 304 771C292 783 288 800 288 817 288 833 296 850 308 863 321 871 338 875 354 875 371 875 388 867 400 854L696 533Z\"><\/path><\/svg>\t\t\t\t\t<\/div>\n\t\t\t\t\n\t\t\t\t\t\t\t\t\t<div class=\"swiper-pagination\"><\/div>\n\t\t\t\t\t\t\t\t\t<\/div>\n\t\t\t\t\t\t<\/div>\n\t\t\t\t<\/div>\n\t\t\t\t<\/div>\n\t\t<div class=\"elementor-element elementor-element-8c0ca06 e-con-full e-flex e-con e-child\" data-id=\"8c0ca06\" data-element_type=\"container\">\n\t\t\t\t<div class=\"elementor-element elementor-element-9fecb81 elementor-widget elementor-widget-text-editor\" data-id=\"9fecb81\" data-element_type=\"widget\" data-widget_type=\"text-editor.default\">\n\t\t\t\t<div class=\"elementor-widget-container\">\n\t\t\t\t\t\t\t\t\t<p data-sourcepos=\"7:1-7:127\">Contamos con un parque de maquinaria de \u00faltima generaci\u00f3n para satisfacer tus necesidades m\u00e1s exigentes. Nuestra flota incluye:<\/p><ul data-sourcepos=\"9:1-12:0\"><li data-sourcepos=\"9:1-9:110\"><strong>5 Centros de Mecanizado 3 y 4 ejes:<\/strong> Capacidad de hasta 1600 mm para piezas de gran tama\u00f1o y complejidad.<\/li><li data-sourcepos=\"10:1-10:120\"><strong>4 Centros de Mecanizado 5 ejes:<\/strong> M\u00e1xima precisi\u00f3n en piezas de hasta 450&#215;450 mm, ideales para geometr\u00edas complejas.<\/li><li data-sourcepos=\"11:1-12:0\"><strong>1 Centro de Mecanizado Horizontal:<\/strong> Especializado en piezas de gran tama\u00f1o y configuraciones especiales (400&#215;400 mm).<\/li><\/ul><p data-sourcepos=\"13:1-13:127\"><strong>\u00bfQu\u00e9 podemos hacer por ti?<\/strong> Desde prototipos hasta grandes series, te ofrecemos soluciones personalizadas y de alta calidad.<\/p>\t\t\t\t\t\t\t\t<\/div>\n\t\t\t\t<\/div>\n\t\t\t\t<\/div>\n\t\t\t\t\t<\/div>\n\t\t\t\t<\/div>\n\t\t\t\t<\/div>\n\t\t","protected":false},"excerpt":{"rendered":"<p>Centros de Mecanizado Contamos con un parque de maquinaria de \u00faltima generaci\u00f3n para satisfacer tus necesidades m\u00e1s exigentes. Nuestra flota incluye: 5 Centros de Mecanizado 3 y 4 ejes: Capacidad de hasta 1600 mm para piezas de gran tama\u00f1o y complejidad. 4 Centros de Mecanizado 5 ejes: M\u00e1xima precisi\u00f3n en piezas de hasta 450&#215;450 mm, [&hellip;]<\/p>\n","protected":false},"author":1,"featured_media":0,"parent":0,"menu_order":0,"comment_status":"closed","ping_status":"closed","template":"","meta":{"footnotes":""},"class_list":["post-53","page","type-page","status-publish","hentry"],"yoast_head":"<!-- This site is optimized with the Yoast SEO plugin v24.5 - https:\/\/yoast.com\/wordpress\/plugins\/seo\/ -->\n<title>Centros de Mecanizado - Protelect Transformados<\/title>\n<meta name=\"description\" content=\"Centros de mecanizado de alta precisi\u00f3n para la fabricaci\u00f3n de piezas complejas. Tecnolog\u00eda avanzada y control de calidad.\" \/>\n<meta name=\"robots\" content=\"index, follow, max-snippet:-1, max-image-preview:large, max-video-preview:-1\" \/>\n<link rel=\"canonical\" href=\"https:\/\/protelect.es\/index.php\/centros-de-mecanizado\/\" \/>\n<meta property=\"og:locale\" content=\"es_ES\" \/>\n<meta property=\"og:type\" content=\"article\" \/>\n<meta property=\"og:title\" content=\"Centros de Mecanizado - Protelect Transformados\" \/>\n<meta property=\"og:description\" content=\"Centros de mecanizado de alta precisi\u00f3n para la fabricaci\u00f3n de piezas complejas. Tecnolog\u00eda avanzada y control de calidad.\" \/>\n<meta property=\"og:url\" content=\"https:\/\/protelect.es\/index.php\/centros-de-mecanizado\/\" \/>\n<meta property=\"og:site_name\" content=\"Protelect Transformados\" \/>\n<meta property=\"article:modified_time\" content=\"2025-02-24T17:50:31+00:00\" \/>\n<meta property=\"og:image\" content=\"https:\/\/protelect.es\/wp-content\/uploads\/2025\/01\/centro-mecanizado-5-ejes-4-1024x768.jpg\" \/>\n<meta name=\"twitter:card\" content=\"summary_large_image\" \/>\n<meta name=\"twitter:label1\" content=\"Tiempo de lectura\" \/>\n\t<meta name=\"twitter:data1\" content=\"2 minutos\" \/>\n<script type=\"application\/ld+json\" class=\"yoast-schema-graph\">{\"@context\":\"https:\/\/schema.org\",\"@graph\":[{\"@type\":\"WebPage\",\"@id\":\"https:\/\/protelect.es\/index.php\/centros-de-mecanizado\/\",\"url\":\"https:\/\/protelect.es\/index.php\/centros-de-mecanizado\/\",\"name\":\"Centros de Mecanizado - Protelect Transformados\",\"isPartOf\":{\"@id\":\"https:\/\/protelect.es\/#website\"},\"primaryImageOfPage\":{\"@id\":\"https:\/\/protelect.es\/index.php\/centros-de-mecanizado\/#primaryimage\"},\"image\":{\"@id\":\"https:\/\/protelect.es\/index.php\/centros-de-mecanizado\/#primaryimage\"},\"thumbnailUrl\":\"https:\/\/protelect.es\/wp-content\/uploads\/2025\/01\/centro-mecanizado-5-ejes-4-1024x768.jpg\",\"datePublished\":\"2025-01-27T12:46:22+00:00\",\"dateModified\":\"2025-02-24T17:50:31+00:00\",\"description\":\"Centros de mecanizado de alta precisi\u00f3n para la fabricaci\u00f3n de piezas complejas. Tecnolog\u00eda avanzada y control de calidad.\",\"breadcrumb\":{\"@id\":\"https:\/\/protelect.es\/index.php\/centros-de-mecanizado\/#breadcrumb\"},\"inLanguage\":\"es\",\"potentialAction\":[{\"@type\":\"ReadAction\",\"target\":[\"https:\/\/protelect.es\/index.php\/centros-de-mecanizado\/\"]}]},{\"@type\":\"ImageObject\",\"inLanguage\":\"es\",\"@id\":\"https:\/\/protelect.es\/index.php\/centros-de-mecanizado\/#primaryimage\",\"url\":\"https:\/\/protelect.es\/wp-content\/uploads\/2025\/01\/centro-mecanizado-5-ejes-4.jpg\",\"contentUrl\":\"https:\/\/protelect.es\/wp-content\/uploads\/2025\/01\/centro-mecanizado-5-ejes-4.jpg\",\"width\":1600,\"height\":1200,\"caption\":\"centro-mecanizado\"},{\"@type\":\"BreadcrumbList\",\"@id\":\"https:\/\/protelect.es\/index.php\/centros-de-mecanizado\/#breadcrumb\",\"itemListElement\":[{\"@type\":\"ListItem\",\"position\":1,\"name\":\"Portada\",\"item\":\"https:\/\/protelect.es\/\"},{\"@type\":\"ListItem\",\"position\":2,\"name\":\"Centros de Mecanizado\"}]},{\"@type\":\"WebSite\",\"@id\":\"https:\/\/protelect.es\/#website\",\"url\":\"https:\/\/protelect.es\/\",\"name\":\"Protelect Transformados\",\"description\":\"Empresa dedicada al mecanizado de precisi\u00f3n. Creada para abastecer las necesidades del sector aeroespacial y electr\u00f3nica.\",\"publisher\":{\"@id\":\"https:\/\/protelect.es\/#organization\"},\"potentialAction\":[{\"@type\":\"SearchAction\",\"target\":{\"@type\":\"EntryPoint\",\"urlTemplate\":\"https:\/\/protelect.es\/?s={search_term_string}\"},\"query-input\":{\"@type\":\"PropertyValueSpecification\",\"valueRequired\":true,\"valueName\":\"search_term_string\"}}],\"inLanguage\":\"es\"},{\"@type\":\"Organization\",\"@id\":\"https:\/\/protelect.es\/#organization\",\"name\":\"Protelect Transformados\",\"url\":\"https:\/\/protelect.es\/\",\"logo\":{\"@type\":\"ImageObject\",\"inLanguage\":\"es\",\"@id\":\"https:\/\/protelect.es\/#\/schema\/logo\/image\/\",\"url\":\"https:\/\/protelect.es\/wp-content\/uploads\/2025\/01\/cropped-cropped-Protelect-logo.jpg\",\"contentUrl\":\"https:\/\/protelect.es\/wp-content\/uploads\/2025\/01\/cropped-cropped-Protelect-logo.jpg\",\"width\":703,\"height\":228,\"caption\":\"Protelect Transformados\"},\"image\":{\"@id\":\"https:\/\/protelect.es\/#\/schema\/logo\/image\/\"}}]}<\/script>\n<!-- \/ Yoast SEO plugin. -->","yoast_head_json":{"title":"Centros de Mecanizado - Protelect Transformados","description":"Centros de mecanizado de alta precisi\u00f3n para la fabricaci\u00f3n de piezas complejas. Tecnolog\u00eda avanzada y control de calidad.","robots":{"index":"index","follow":"follow","max-snippet":"max-snippet:-1","max-image-preview":"max-image-preview:large","max-video-preview":"max-video-preview:-1"},"canonical":"https:\/\/protelect.es\/index.php\/centros-de-mecanizado\/","og_locale":"es_ES","og_type":"article","og_title":"Centros de Mecanizado - Protelect Transformados","og_description":"Centros de mecanizado de alta precisi\u00f3n para la fabricaci\u00f3n de piezas complejas. Tecnolog\u00eda avanzada y control de calidad.","og_url":"https:\/\/protelect.es\/index.php\/centros-de-mecanizado\/","og_site_name":"Protelect Transformados","article_modified_time":"2025-02-24T17:50:31+00:00","og_image":[{"url":"https:\/\/protelect.es\/wp-content\/uploads\/2025\/01\/centro-mecanizado-5-ejes-4-1024x768.jpg","type":"","width":"","height":""}],"twitter_card":"summary_large_image","twitter_misc":{"Tiempo de lectura":"2 minutos"},"schema":{"@context":"https:\/\/schema.org","@graph":[{"@type":"WebPage","@id":"https:\/\/protelect.es\/index.php\/centros-de-mecanizado\/","url":"https:\/\/protelect.es\/index.php\/centros-de-mecanizado\/","name":"Centros de Mecanizado - Protelect Transformados","isPartOf":{"@id":"https:\/\/protelect.es\/#website"},"primaryImageOfPage":{"@id":"https:\/\/protelect.es\/index.php\/centros-de-mecanizado\/#primaryimage"},"image":{"@id":"https:\/\/protelect.es\/index.php\/centros-de-mecanizado\/#primaryimage"},"thumbnailUrl":"https:\/\/protelect.es\/wp-content\/uploads\/2025\/01\/centro-mecanizado-5-ejes-4-1024x768.jpg","datePublished":"2025-01-27T12:46:22+00:00","dateModified":"2025-02-24T17:50:31+00:00","description":"Centros de mecanizado de alta precisi\u00f3n para la fabricaci\u00f3n de piezas complejas. Tecnolog\u00eda avanzada y control de calidad.","breadcrumb":{"@id":"https:\/\/protelect.es\/index.php\/centros-de-mecanizado\/#breadcrumb"},"inLanguage":"es","potentialAction":[{"@type":"ReadAction","target":["https:\/\/protelect.es\/index.php\/centros-de-mecanizado\/"]}]},{"@type":"ImageObject","inLanguage":"es","@id":"https:\/\/protelect.es\/index.php\/centros-de-mecanizado\/#primaryimage","url":"https:\/\/protelect.es\/wp-content\/uploads\/2025\/01\/centro-mecanizado-5-ejes-4.jpg","contentUrl":"https:\/\/protelect.es\/wp-content\/uploads\/2025\/01\/centro-mecanizado-5-ejes-4.jpg","width":1600,"height":1200,"caption":"centro-mecanizado"},{"@type":"BreadcrumbList","@id":"https:\/\/protelect.es\/index.php\/centros-de-mecanizado\/#breadcrumb","itemListElement":[{"@type":"ListItem","position":1,"name":"Portada","item":"https:\/\/protelect.es\/"},{"@type":"ListItem","position":2,"name":"Centros de Mecanizado"}]},{"@type":"WebSite","@id":"https:\/\/protelect.es\/#website","url":"https:\/\/protelect.es\/","name":"Protelect Transformados","description":"Empresa dedicada al mecanizado de precisi\u00f3n. Creada para abastecer las necesidades del sector aeroespacial y electr\u00f3nica.","publisher":{"@id":"https:\/\/protelect.es\/#organization"},"potentialAction":[{"@type":"SearchAction","target":{"@type":"EntryPoint","urlTemplate":"https:\/\/protelect.es\/?s={search_term_string}"},"query-input":{"@type":"PropertyValueSpecification","valueRequired":true,"valueName":"search_term_string"}}],"inLanguage":"es"},{"@type":"Organization","@id":"https:\/\/protelect.es\/#organization","name":"Protelect Transformados","url":"https:\/\/protelect.es\/","logo":{"@type":"ImageObject","inLanguage":"es","@id":"https:\/\/protelect.es\/#\/schema\/logo\/image\/","url":"https:\/\/protelect.es\/wp-content\/uploads\/2025\/01\/cropped-cropped-Protelect-logo.jpg","contentUrl":"https:\/\/protelect.es\/wp-content\/uploads\/2025\/01\/cropped-cropped-Protelect-logo.jpg","width":703,"height":228,"caption":"Protelect Transformados"},"image":{"@id":"https:\/\/protelect.es\/#\/schema\/logo\/image\/"}}]}},"_links":{"self":[{"href":"https:\/\/protelect.es\/index.php\/wp-json\/wp\/v2\/pages\/53","targetHints":{"allow":["GET"]}}],"collection":[{"href":"https:\/\/protelect.es\/index.php\/wp-json\/wp\/v2\/pages"}],"about":[{"href":"https:\/\/protelect.es\/index.php\/wp-json\/wp\/v2\/types\/page"}],"author":[{"embeddable":true,"href":"https:\/\/protelect.es\/index.php\/wp-json\/wp\/v2\/users\/1"}],"replies":[{"embeddable":true,"href":"https:\/\/protelect.es\/index.php\/wp-json\/wp\/v2\/comments?post=53"}],"version-history":[{"count":4,"href":"https:\/\/protelect.es\/index.php\/wp-json\/wp\/v2\/pages\/53\/revisions"}],"predecessor-version":[{"id":99,"href":"https:\/\/protelect.es\/index.php\/wp-json\/wp\/v2\/pages\/53\/revisions\/99"}],"wp:attachment":[{"href":"https:\/\/protelect.es\/index.php\/wp-json\/wp\/v2\/media?parent=53"}],"curies":[{"name":"wp","href":"https:\/\/api.w.org\/{rel}","templated":true}]}}