{"id":36,"date":"2025-01-27T08:23:58","date_gmt":"2025-01-27T08:23:58","guid":{"rendered":"https:\/\/protelect.es\/?page_id=36"},"modified":"2025-02-27T10:18:54","modified_gmt":"2025-02-27T10:18:54","slug":"quienes-somos","status":"publish","type":"page","link":"https:\/\/protelect.es\/index.php\/quienes-somos\/","title":{"rendered":"Quienes somos"},"content":{"rendered":"\t\t<div data-elementor-type=\"wp-page\" data-elementor-id=\"36\" class=\"elementor elementor-36\">\n\t\t\t\t<div class=\"elementor-element elementor-element-2214c20 e-flex e-con-boxed e-con e-parent\" data-id=\"2214c20\" data-element_type=\"container\">\n\t\t\t\t\t<div class=\"e-con-inner\">\n\t\t\t\t<div class=\"elementor-element elementor-element-8db2b0c elementor-widget elementor-widget-image\" data-id=\"8db2b0c\" data-element_type=\"widget\" data-widget_type=\"image.default\">\n\t\t\t\t<div class=\"elementor-widget-container\">\n\t\t\t\t\t\t\t\t\t\t\t\t\t\t\t<img fetchpriority=\"high\" decoding=\"async\" width=\"800\" height=\"360\" src=\"https:\/\/protelect.es\/wp-content\/uploads\/2025\/02\/taller-1024x461.jpg\" class=\"attachment-large size-large wp-image-157\" alt=\"\" srcset=\"https:\/\/protelect.es\/wp-content\/uploads\/2025\/02\/taller-1024x461.jpg 1024w, https:\/\/protelect.es\/wp-content\/uploads\/2025\/02\/taller-300x135.jpg 300w, https:\/\/protelect.es\/wp-content\/uploads\/2025\/02\/taller-768x346.jpg 768w, https:\/\/protelect.es\/wp-content\/uploads\/2025\/02\/taller-1536x691.jpg 1536w, https:\/\/protelect.es\/wp-content\/uploads\/2025\/02\/taller.jpg 2000w\" sizes=\"(max-width: 800px) 100vw, 800px\" \/>\t\t\t\t\t\t\t\t\t\t\t\t\t\t\t<\/div>\n\t\t\t\t<\/div>\n\t\t\t\t<div class=\"elementor-element elementor-element-dbef9e9 elementor-widget elementor-widget-text-editor\" data-id=\"dbef9e9\" data-element_type=\"widget\" data-widget_type=\"text-editor.default\">\n\t\t\t\t<div class=\"elementor-widget-container\">\n\t\t\t\t\t\t\t\t\t<p>Protelect: L\u00edderes en mecanizado de precisi\u00f3n para Defensa y Aeroespacial desde 1997.<\/p>\n<p>Protelect es tu socio de confianza para mecanizados de alta precisi\u00f3n. Especializados en componentes cr\u00edticos para los sectores de Defensa y Aeroespacial, ofrecemos un amplio abanico de soluciones gracias a nuestro avanzado parque de maquinaria y nuestro equipo de expertos con m\u00e1s de 20 a\u00f1os de experiencia.<br><\/p>\n<p data-sourcepos=\"9:1-9:19\"><strong>\u00bfQu\u00e9 ofrecemos?<\/strong><\/p>\n<ul data-sourcepos=\"11:1-15:0\">\n<li data-sourcepos=\"11:1-11:98\"><strong>Mecanizados de alta precisi\u00f3n:<\/strong> Tolerancias ajustadas y acabados superficiales excepcionales.<\/li>\n<li data-sourcepos=\"12:1-12:75\"><strong>Amplia gama de materiales:<\/strong> Aluminio, titanio, acero inoxidable y m\u00e1s.<\/li>\n<li data-sourcepos=\"13:1-13:66\"><strong>Tecnolog\u00eda de vanguardia:<\/strong> M\u00e1quinas CNC de \u00faltima generaci\u00f3n.<\/li>\n<li data-sourcepos=\"14:1-15:0\"><strong>Soluciones personalizadas:<\/strong> Adaptamos nuestros servicios a tus necesidades espec\u00edficas.<br><br><\/li>\n<\/ul><div><p data-sourcepos=\"16:1-16:23\"><strong>\u00bfPor qu\u00e9 elegirnos?<\/strong><\/p><ul data-sourcepos=\"18:1-22:0\">\n<li data-sourcepos=\"18:1-18:78\"><strong>Experiencia:<\/strong> M\u00e1s de 25 a\u00f1os dando servicio a los sectores m\u00e1s exigentes.<\/li>\n<li data-sourcepos=\"19:1-19:71\"><strong>Calidad:<\/strong> Certificaciones y est\u00e1ndares de calidad internacionales.<\/li>\n<li data-sourcepos=\"20:1-20:73\"><strong>Flexibilidad:<\/strong> Capacidad de respuesta r\u00e1pida y adaptaci\u00f3n a cambios.<\/li>\n<li data-sourcepos=\"21:1-22:0\"><strong>Equipo humano:<\/strong> Profesionales altamente cualificados y comprometidos.<\/li><\/ul><\/div>\t\t\t\t\t\t\t\t<\/div>\n\t\t\t\t<\/div>\n\t\t\t\t\t<\/div>\n\t\t\t\t<\/div>\n\t\t<div class=\"elementor-element elementor-element-c4277c8 e-flex e-con-boxed e-con e-parent\" data-id=\"c4277c8\" data-element_type=\"container\">\n\t\t\t\t\t<div class=\"e-con-inner\">\n\t\t\t\t<div class=\"elementor-element elementor-element-918a710 elementor-widget-divider--view-line elementor-widget elementor-widget-divider\" data-id=\"918a710\" data-element_type=\"widget\" data-widget_type=\"divider.default\">\n\t\t\t\t<div class=\"elementor-widget-container\">\n\t\t\t\t\t\t\t<div class=\"elementor-divider\">\n\t\t\t<span class=\"elementor-divider-separator\">\n\t\t\t\t\t\t<\/span>\n\t\t<\/div>\n\t\t\t\t\t\t<\/div>\n\t\t\t\t<\/div>\n\t\t\t\t<div class=\"elementor-element elementor-element-d40eee3 elementor-widget elementor-widget-image\" data-id=\"d40eee3\" data-element_type=\"widget\" data-widget_type=\"image.default\">\n\t\t\t\t<div class=\"elementor-widget-container\">\n\t\t\t\t\t\t\t\t\t\t\t\t\t\t\t<img decoding=\"async\" width=\"768\" height=\"576\" src=\"https:\/\/protelect.es\/wp-content\/uploads\/2025\/02\/taller-2-768x576.jpg\" class=\"attachment-medium_large size-medium_large wp-image-158\" alt=\"\" srcset=\"https:\/\/protelect.es\/wp-content\/uploads\/2025\/02\/taller-2-768x576.jpg 768w, https:\/\/protelect.es\/wp-content\/uploads\/2025\/02\/taller-2-300x225.jpg 300w, https:\/\/protelect.es\/wp-content\/uploads\/2025\/02\/taller-2-1024x768.jpg 1024w, https:\/\/protelect.es\/wp-content\/uploads\/2025\/02\/taller-2-1536x1152.jpg 1536w, https:\/\/protelect.es\/wp-content\/uploads\/2025\/02\/taller-2.jpg 1600w\" sizes=\"(max-width: 768px) 100vw, 768px\" \/>\t\t\t\t\t\t\t\t\t\t\t\t\t\t\t<\/div>\n\t\t\t\t<\/div>\n\t\t\t\t<div class=\"elementor-element elementor-element-452e285 elementor-widget elementor-widget-heading\" data-id=\"452e285\" data-element_type=\"widget\" data-widget_type=\"heading.default\">\n\t\t\t\t<div class=\"elementor-widget-container\">\n\t\t\t\t\t<h2 class=\"elementor-heading-title elementor-size-default\">Calidad<\/h2>\t\t\t\t<\/div>\n\t\t\t\t<\/div>\n\t\t\t\t<div class=\"elementor-element elementor-element-490dcf5 elementor-widget elementor-widget-text-editor\" data-id=\"490dcf5\" data-element_type=\"widget\" data-widget_type=\"text-editor.default\">\n\t\t\t\t<div class=\"elementor-widget-container\">\n\t\t\t\t\t\t\t\t\t<p><span style=\"font-weight: 400;\">Disponemos de normas de gestion para el aseguramiento de la calidad.<\/span><\/p>\t\t\t\t\t\t\t\t<\/div>\n\t\t\t\t<\/div>\n\t\t\t\t<div class=\"elementor-element elementor-element-a729ef5 elementor-widget elementor-widget-image\" data-id=\"a729ef5\" data-element_type=\"widget\" data-widget_type=\"image.default\">\n\t\t\t\t<div class=\"elementor-widget-container\">\n\t\t\t\t\t\t\t\t\t\t\t\t\t\t\t<img decoding=\"async\" width=\"727\" height=\"507\" src=\"https:\/\/protelect.es\/wp-content\/uploads\/2025\/02\/camara-certifica-protelect-copia.png\" class=\"attachment-medium_large size-medium_large wp-image-261\" alt=\"camara-certifica\" srcset=\"https:\/\/protelect.es\/wp-content\/uploads\/2025\/02\/camara-certifica-protelect-copia.png 727w, https:\/\/protelect.es\/wp-content\/uploads\/2025\/02\/camara-certifica-protelect-copia-300x209.png 300w\" sizes=\"(max-width: 727px) 100vw, 727px\" \/>\t\t\t\t\t\t\t\t\t\t\t\t\t\t\t<\/div>\n\t\t\t\t<\/div>\n\t\t\t\t\t<\/div>\n\t\t\t\t<\/div>\n\t\t\t\t<\/div>\n\t\t","protected":false},"excerpt":{"rendered":"<p>Protelect: L\u00edderes en mecanizado de precisi\u00f3n para Defensa y Aeroespacial desde 1997. Protelect es tu socio de confianza para mecanizados de alta precisi\u00f3n. Especializados en componentes cr\u00edticos para los sectores de Defensa y Aeroespacial, ofrecemos un amplio abanico de soluciones gracias a nuestro avanzado parque de maquinaria y nuestro equipo de expertos con m\u00e1s de [&hellip;]<\/p>\n","protected":false},"author":1,"featured_media":0,"parent":0,"menu_order":0,"comment_status":"closed","ping_status":"closed","template":"","meta":{"footnotes":""},"class_list":["post-36","page","type-page","status-publish","hentry"],"yoast_head":"<!-- This site is optimized with the Yoast SEO plugin v24.5 - https:\/\/yoast.com\/wordpress\/plugins\/seo\/ -->\n<title>Quienes somos - Protelect Transformados<\/title>\n<meta name=\"robots\" content=\"index, follow, max-snippet:-1, max-image-preview:large, max-video-preview:-1\" \/>\n<link rel=\"canonical\" href=\"https:\/\/protelect.es\/index.php\/quienes-somos\/\" \/>\n<meta property=\"og:locale\" content=\"es_ES\" \/>\n<meta property=\"og:type\" content=\"article\" \/>\n<meta property=\"og:title\" content=\"Quienes somos - Protelect Transformados\" \/>\n<meta property=\"og:description\" content=\"Protelect: L\u00edderes en mecanizado de precisi\u00f3n para Defensa y Aeroespacial desde 1997. Protelect es tu socio de confianza para mecanizados de alta precisi\u00f3n. Especializados en componentes cr\u00edticos para los sectores de Defensa y Aeroespacial, ofrecemos un amplio abanico de soluciones gracias a nuestro avanzado parque de maquinaria y nuestro equipo de expertos con m\u00e1s de [&hellip;]\" \/>\n<meta property=\"og:url\" content=\"https:\/\/protelect.es\/index.php\/quienes-somos\/\" \/>\n<meta property=\"og:site_name\" content=\"Protelect Transformados\" \/>\n<meta property=\"article:modified_time\" content=\"2025-02-27T10:18:54+00:00\" \/>\n<meta property=\"og:image\" content=\"https:\/\/protelect.es\/wp-content\/uploads\/2025\/02\/taller.jpg\" \/>\n\t<meta property=\"og:image:width\" content=\"2000\" \/>\n\t<meta property=\"og:image:height\" content=\"900\" \/>\n\t<meta property=\"og:image:type\" content=\"image\/jpeg\" \/>\n<meta name=\"twitter:card\" content=\"summary_large_image\" \/>\n<meta name=\"twitter:label1\" content=\"Tiempo de lectura\" \/>\n\t<meta name=\"twitter:data1\" content=\"2 minutos\" \/>\n<script type=\"application\/ld+json\" class=\"yoast-schema-graph\">{\"@context\":\"https:\/\/schema.org\",\"@graph\":[{\"@type\":\"WebPage\",\"@id\":\"https:\/\/protelect.es\/index.php\/quienes-somos\/\",\"url\":\"https:\/\/protelect.es\/index.php\/quienes-somos\/\",\"name\":\"Quienes somos - Protelect Transformados\",\"isPartOf\":{\"@id\":\"https:\/\/protelect.es\/#website\"},\"primaryImageOfPage\":{\"@id\":\"https:\/\/protelect.es\/index.php\/quienes-somos\/#primaryimage\"},\"image\":{\"@id\":\"https:\/\/protelect.es\/index.php\/quienes-somos\/#primaryimage\"},\"thumbnailUrl\":\"https:\/\/protelect.es\/wp-content\/uploads\/2025\/02\/taller-1024x461.jpg\",\"datePublished\":\"2025-01-27T08:23:58+00:00\",\"dateModified\":\"2025-02-27T10:18:54+00:00\",\"breadcrumb\":{\"@id\":\"https:\/\/protelect.es\/index.php\/quienes-somos\/#breadcrumb\"},\"inLanguage\":\"es\",\"potentialAction\":[{\"@type\":\"ReadAction\",\"target\":[\"https:\/\/protelect.es\/index.php\/quienes-somos\/\"]}]},{\"@type\":\"ImageObject\",\"inLanguage\":\"es\",\"@id\":\"https:\/\/protelect.es\/index.php\/quienes-somos\/#primaryimage\",\"url\":\"https:\/\/protelect.es\/wp-content\/uploads\/2025\/02\/taller.jpg\",\"contentUrl\":\"https:\/\/protelect.es\/wp-content\/uploads\/2025\/02\/taller.jpg\",\"width\":2000,\"height\":900},{\"@type\":\"BreadcrumbList\",\"@id\":\"https:\/\/protelect.es\/index.php\/quienes-somos\/#breadcrumb\",\"itemListElement\":[{\"@type\":\"ListItem\",\"position\":1,\"name\":\"Portada\",\"item\":\"https:\/\/protelect.es\/\"},{\"@type\":\"ListItem\",\"position\":2,\"name\":\"Quienes somos\"}]},{\"@type\":\"WebSite\",\"@id\":\"https:\/\/protelect.es\/#website\",\"url\":\"https:\/\/protelect.es\/\",\"name\":\"Protelect Transformados\",\"description\":\"Empresa dedicada al mecanizado de precisi\u00f3n. Creada para abastecer las necesidades del sector aeroespacial y electr\u00f3nica.\",\"publisher\":{\"@id\":\"https:\/\/protelect.es\/#organization\"},\"potentialAction\":[{\"@type\":\"SearchAction\",\"target\":{\"@type\":\"EntryPoint\",\"urlTemplate\":\"https:\/\/protelect.es\/?s={search_term_string}\"},\"query-input\":{\"@type\":\"PropertyValueSpecification\",\"valueRequired\":true,\"valueName\":\"search_term_string\"}}],\"inLanguage\":\"es\"},{\"@type\":\"Organization\",\"@id\":\"https:\/\/protelect.es\/#organization\",\"name\":\"Protelect Transformados\",\"url\":\"https:\/\/protelect.es\/\",\"logo\":{\"@type\":\"ImageObject\",\"inLanguage\":\"es\",\"@id\":\"https:\/\/protelect.es\/#\/schema\/logo\/image\/\",\"url\":\"https:\/\/protelect.es\/wp-content\/uploads\/2025\/01\/cropped-cropped-Protelect-logo.jpg\",\"contentUrl\":\"https:\/\/protelect.es\/wp-content\/uploads\/2025\/01\/cropped-cropped-Protelect-logo.jpg\",\"width\":703,\"height\":228,\"caption\":\"Protelect Transformados\"},\"image\":{\"@id\":\"https:\/\/protelect.es\/#\/schema\/logo\/image\/\"}}]}<\/script>\n<!-- \/ Yoast SEO plugin. -->","yoast_head_json":{"title":"Quienes somos - Protelect Transformados","robots":{"index":"index","follow":"follow","max-snippet":"max-snippet:-1","max-image-preview":"max-image-preview:large","max-video-preview":"max-video-preview:-1"},"canonical":"https:\/\/protelect.es\/index.php\/quienes-somos\/","og_locale":"es_ES","og_type":"article","og_title":"Quienes somos - Protelect Transformados","og_description":"Protelect: L\u00edderes en mecanizado de precisi\u00f3n para Defensa y Aeroespacial desde 1997. Protelect es tu socio de confianza para mecanizados de alta precisi\u00f3n. Especializados en componentes cr\u00edticos para los sectores de Defensa y Aeroespacial, ofrecemos un amplio abanico de soluciones gracias a nuestro avanzado parque de maquinaria y nuestro equipo de expertos con m\u00e1s de [&hellip;]","og_url":"https:\/\/protelect.es\/index.php\/quienes-somos\/","og_site_name":"Protelect Transformados","article_modified_time":"2025-02-27T10:18:54+00:00","og_image":[{"width":2000,"height":900,"url":"https:\/\/protelect.es\/wp-content\/uploads\/2025\/02\/taller.jpg","type":"image\/jpeg"}],"twitter_card":"summary_large_image","twitter_misc":{"Tiempo de lectura":"2 minutos"},"schema":{"@context":"https:\/\/schema.org","@graph":[{"@type":"WebPage","@id":"https:\/\/protelect.es\/index.php\/quienes-somos\/","url":"https:\/\/protelect.es\/index.php\/quienes-somos\/","name":"Quienes somos - Protelect Transformados","isPartOf":{"@id":"https:\/\/protelect.es\/#website"},"primaryImageOfPage":{"@id":"https:\/\/protelect.es\/index.php\/quienes-somos\/#primaryimage"},"image":{"@id":"https:\/\/protelect.es\/index.php\/quienes-somos\/#primaryimage"},"thumbnailUrl":"https:\/\/protelect.es\/wp-content\/uploads\/2025\/02\/taller-1024x461.jpg","datePublished":"2025-01-27T08:23:58+00:00","dateModified":"2025-02-27T10:18:54+00:00","breadcrumb":{"@id":"https:\/\/protelect.es\/index.php\/quienes-somos\/#breadcrumb"},"inLanguage":"es","potentialAction":[{"@type":"ReadAction","target":["https:\/\/protelect.es\/index.php\/quienes-somos\/"]}]},{"@type":"ImageObject","inLanguage":"es","@id":"https:\/\/protelect.es\/index.php\/quienes-somos\/#primaryimage","url":"https:\/\/protelect.es\/wp-content\/uploads\/2025\/02\/taller.jpg","contentUrl":"https:\/\/protelect.es\/wp-content\/uploads\/2025\/02\/taller.jpg","width":2000,"height":900},{"@type":"BreadcrumbList","@id":"https:\/\/protelect.es\/index.php\/quienes-somos\/#breadcrumb","itemListElement":[{"@type":"ListItem","position":1,"name":"Portada","item":"https:\/\/protelect.es\/"},{"@type":"ListItem","position":2,"name":"Quienes somos"}]},{"@type":"WebSite","@id":"https:\/\/protelect.es\/#website","url":"https:\/\/protelect.es\/","name":"Protelect Transformados","description":"Empresa dedicada al mecanizado de precisi\u00f3n. Creada para abastecer las necesidades del sector aeroespacial y electr\u00f3nica.","publisher":{"@id":"https:\/\/protelect.es\/#organization"},"potentialAction":[{"@type":"SearchAction","target":{"@type":"EntryPoint","urlTemplate":"https:\/\/protelect.es\/?s={search_term_string}"},"query-input":{"@type":"PropertyValueSpecification","valueRequired":true,"valueName":"search_term_string"}}],"inLanguage":"es"},{"@type":"Organization","@id":"https:\/\/protelect.es\/#organization","name":"Protelect Transformados","url":"https:\/\/protelect.es\/","logo":{"@type":"ImageObject","inLanguage":"es","@id":"https:\/\/protelect.es\/#\/schema\/logo\/image\/","url":"https:\/\/protelect.es\/wp-content\/uploads\/2025\/01\/cropped-cropped-Protelect-logo.jpg","contentUrl":"https:\/\/protelect.es\/wp-content\/uploads\/2025\/01\/cropped-cropped-Protelect-logo.jpg","width":703,"height":228,"caption":"Protelect Transformados"},"image":{"@id":"https:\/\/protelect.es\/#\/schema\/logo\/image\/"}}]}},"_links":{"self":[{"href":"https:\/\/protelect.es\/index.php\/wp-json\/wp\/v2\/pages\/36","targetHints":{"allow":["GET"]}}],"collection":[{"href":"https:\/\/protelect.es\/index.php\/wp-json\/wp\/v2\/pages"}],"about":[{"href":"https:\/\/protelect.es\/index.php\/wp-json\/wp\/v2\/types\/page"}],"author":[{"embeddable":true,"href":"https:\/\/protelect.es\/index.php\/wp-json\/wp\/v2\/users\/1"}],"replies":[{"embeddable":true,"href":"https:\/\/protelect.es\/index.php\/wp-json\/wp\/v2\/comments?post=36"}],"version-history":[{"count":19,"href":"https:\/\/protelect.es\/index.php\/wp-json\/wp\/v2\/pages\/36\/revisions"}],"predecessor-version":[{"id":267,"href":"https:\/\/protelect.es\/index.php\/wp-json\/wp\/v2\/pages\/36\/revisions\/267"}],"wp:attachment":[{"href":"https:\/\/protelect.es\/index.php\/wp-json\/wp\/v2\/media?parent=36"}],"curies":[{"name":"wp","href":"https:\/\/api.w.org\/{rel}","templated":true}]}}