{"id":229,"date":"2025-02-24T17:23:10","date_gmt":"2025-02-24T17:23:10","guid":{"rendered":"https:\/\/protelect.es\/?page_id=229"},"modified":"2025-02-24T17:23:38","modified_gmt":"2025-02-24T17:23:38","slug":"soldadura-tig","status":"publish","type":"page","link":"https:\/\/protelect.es\/index.php\/soldadura-tig\/","title":{"rendered":"Soldadura TIG"},"content":{"rendered":"\t\t<div data-elementor-type=\"wp-page\" data-elementor-id=\"229\" class=\"elementor elementor-229\">\n\t\t\t\t<div class=\"elementor-element elementor-element-cbc9041 e-flex e-con-boxed e-con e-parent\" data-id=\"cbc9041\" data-element_type=\"container\">\n\t\t\t\t\t<div class=\"e-con-inner\">\n\t\t\t\t<div class=\"elementor-element elementor-element-b197f57 elementor-widget elementor-widget-heading\" data-id=\"b197f57\" data-element_type=\"widget\" data-widget_type=\"heading.default\">\n\t\t\t\t<div class=\"elementor-widget-container\">\n\t\t\t\t\t<h1 class=\"elementor-heading-title elementor-size-default\">Soldadura TIG<\/h1>\t\t\t\t<\/div>\n\t\t\t\t<\/div>\n\t\t\t\t\t<\/div>\n\t\t\t\t<\/div>\n\t\t<div class=\"elementor-element elementor-element-066368f e-flex e-con-boxed e-con e-parent\" data-id=\"066368f\" data-element_type=\"container\">\n\t\t\t\t\t<div class=\"e-con-inner\">\n\t\t<div class=\"elementor-element elementor-element-2a5a1b3 e-con-full e-flex e-con e-child\" data-id=\"2a5a1b3\" data-element_type=\"container\">\n\t\t\t\t<div class=\"elementor-element elementor-element-1e4ce88 elementor-widget elementor-widget-image\" data-id=\"1e4ce88\" data-element_type=\"widget\" data-widget_type=\"image.default\">\n\t\t\t\t<div class=\"elementor-widget-container\">\n\t\t\t\t\t\t\t\t\t\t\t\t\t\t\t<img fetchpriority=\"high\" decoding=\"async\" width=\"800\" height=\"533\" src=\"https:\/\/protelect.es\/wp-content\/uploads\/2025\/02\/soldadura-tig-1024x682.jpg\" class=\"attachment-large size-large wp-image-231\" alt=\"soldadura-tig\" srcset=\"https:\/\/protelect.es\/wp-content\/uploads\/2025\/02\/soldadura-tig-1024x682.jpg 1024w, https:\/\/protelect.es\/wp-content\/uploads\/2025\/02\/soldadura-tig-300x200.jpg 300w, https:\/\/protelect.es\/wp-content\/uploads\/2025\/02\/soldadura-tig-768x512.jpg 768w, https:\/\/protelect.es\/wp-content\/uploads\/2025\/02\/soldadura-tig.jpg 1280w\" sizes=\"(max-width: 800px) 100vw, 800px\" \/>\t\t\t\t\t\t\t\t\t\t\t\t\t\t\t<\/div>\n\t\t\t\t<\/div>\n\t\t\t\t<\/div>\n\t\t<div class=\"elementor-element elementor-element-3ab8aa2 e-con-full e-flex e-con e-child\" data-id=\"3ab8aa2\" data-element_type=\"container\">\n\t\t\t\t<div class=\"elementor-element elementor-element-e6c18ed elementor-widget elementor-widget-text-editor\" data-id=\"e6c18ed\" data-element_type=\"widget\" data-widget_type=\"text-editor.default\">\n\t\t\t\t<div class=\"elementor-widget-container\">\n\t\t\t\t\t\t\t\t\t<p>En Protelect, nos enorgullecemos de ofrecer servicios de mecanizado de alta precisi\u00f3n, respaldados por a\u00f1os de experiencia y un compromiso inquebrantable con la calidad. Aunque no ofrecemos un servicio online, nuestro equipo de expertos est\u00e1 listo para colaborar estrechamente con usted, garantizando resultados que superen sus expectativas.<\/p><p>Hemos perfeccionado nuestras t\u00e9cnicas y ampliado nuestras capacidades para ofrecer soluciones de mecanizado de vanguardia. Nuestro enfoque se centra en la atenci\u00f3n personalizada, la precisi\u00f3n milim\u00e9trica y el cumplimiento riguroso de los plazos de entrega.<\/p><p>Ofrecemos una amplia gama de servicios de mecanizado, adapt\u00e1ndonos a las necesidades espec\u00edficas de cada proyecto.<\/p>\t\t\t\t\t\t\t\t<\/div>\n\t\t\t\t<\/div>\n\t\t\t\t<\/div>\n\t\t\t\t\t<\/div>\n\t\t\t\t<\/div>\n\t\t\t\t<\/div>\n\t\t","protected":false},"excerpt":{"rendered":"<p>Soldadura TIG En Protelect, nos enorgullecemos de ofrecer servicios de mecanizado de alta precisi\u00f3n, respaldados por a\u00f1os de experiencia y un compromiso inquebrantable con la calidad. Aunque no ofrecemos un servicio online, nuestro equipo de expertos est\u00e1 listo para colaborar estrechamente con usted, garantizando resultados que superen sus expectativas. Hemos perfeccionado nuestras t\u00e9cnicas y ampliado [&hellip;]<\/p>\n","protected":false},"author":1,"featured_media":0,"parent":0,"menu_order":0,"comment_status":"closed","ping_status":"closed","template":"","meta":{"footnotes":""},"class_list":["post-229","page","type-page","status-publish","hentry"],"yoast_head":"<!-- This site is optimized with the Yoast SEO plugin v24.5 - https:\/\/yoast.com\/wordpress\/plugins\/seo\/ -->\n<title>Soldadura TIG - Protelect Transformados<\/title>\n<meta name=\"robots\" content=\"index, follow, max-snippet:-1, max-image-preview:large, max-video-preview:-1\" \/>\n<link rel=\"canonical\" href=\"https:\/\/protelect.es\/index.php\/soldadura-tig\/\" \/>\n<meta property=\"og:locale\" content=\"es_ES\" \/>\n<meta property=\"og:type\" content=\"article\" \/>\n<meta property=\"og:title\" content=\"Soldadura TIG - Protelect Transformados\" \/>\n<meta property=\"og:description\" content=\"Soldadura TIG En Protelect, nos enorgullecemos de ofrecer servicios de mecanizado de alta precisi\u00f3n, respaldados por a\u00f1os de experiencia y un compromiso inquebrantable con la calidad. Aunque no ofrecemos un servicio online, nuestro equipo de expertos est\u00e1 listo para colaborar estrechamente con usted, garantizando resultados que superen sus expectativas. Hemos perfeccionado nuestras t\u00e9cnicas y ampliado [&hellip;]\" \/>\n<meta property=\"og:url\" content=\"https:\/\/protelect.es\/index.php\/soldadura-tig\/\" \/>\n<meta property=\"og:site_name\" content=\"Protelect Transformados\" \/>\n<meta property=\"article:modified_time\" content=\"2025-02-24T17:23:38+00:00\" \/>\n<meta property=\"og:image\" content=\"https:\/\/protelect.es\/wp-content\/uploads\/2025\/02\/soldadura-tig.jpg\" \/>\n\t<meta property=\"og:image:width\" content=\"1280\" \/>\n\t<meta property=\"og:image:height\" content=\"853\" \/>\n\t<meta property=\"og:image:type\" content=\"image\/jpeg\" \/>\n<meta name=\"twitter:card\" content=\"summary_large_image\" \/>\n<meta name=\"twitter:label1\" content=\"Tiempo de lectura\" \/>\n\t<meta name=\"twitter:data1\" content=\"1 minuto\" \/>\n<script type=\"application\/ld+json\" class=\"yoast-schema-graph\">{\"@context\":\"https:\/\/schema.org\",\"@graph\":[{\"@type\":\"WebPage\",\"@id\":\"https:\/\/protelect.es\/index.php\/soldadura-tig\/\",\"url\":\"https:\/\/protelect.es\/index.php\/soldadura-tig\/\",\"name\":\"Soldadura TIG - Protelect Transformados\",\"isPartOf\":{\"@id\":\"https:\/\/protelect.es\/#website\"},\"primaryImageOfPage\":{\"@id\":\"https:\/\/protelect.es\/index.php\/soldadura-tig\/#primaryimage\"},\"image\":{\"@id\":\"https:\/\/protelect.es\/index.php\/soldadura-tig\/#primaryimage\"},\"thumbnailUrl\":\"https:\/\/protelect.es\/wp-content\/uploads\/2025\/02\/soldadura-tig-1024x682.jpg\",\"datePublished\":\"2025-02-24T17:23:10+00:00\",\"dateModified\":\"2025-02-24T17:23:38+00:00\",\"breadcrumb\":{\"@id\":\"https:\/\/protelect.es\/index.php\/soldadura-tig\/#breadcrumb\"},\"inLanguage\":\"es\",\"potentialAction\":[{\"@type\":\"ReadAction\",\"target\":[\"https:\/\/protelect.es\/index.php\/soldadura-tig\/\"]}]},{\"@type\":\"ImageObject\",\"inLanguage\":\"es\",\"@id\":\"https:\/\/protelect.es\/index.php\/soldadura-tig\/#primaryimage\",\"url\":\"https:\/\/protelect.es\/wp-content\/uploads\/2025\/02\/soldadura-tig.jpg\",\"contentUrl\":\"https:\/\/protelect.es\/wp-content\/uploads\/2025\/02\/soldadura-tig.jpg\",\"width\":1280,\"height\":853,\"caption\":\"soldadura-tig\"},{\"@type\":\"BreadcrumbList\",\"@id\":\"https:\/\/protelect.es\/index.php\/soldadura-tig\/#breadcrumb\",\"itemListElement\":[{\"@type\":\"ListItem\",\"position\":1,\"name\":\"Portada\",\"item\":\"https:\/\/protelect.es\/\"},{\"@type\":\"ListItem\",\"position\":2,\"name\":\"Soldadura TIG\"}]},{\"@type\":\"WebSite\",\"@id\":\"https:\/\/protelect.es\/#website\",\"url\":\"https:\/\/protelect.es\/\",\"name\":\"Protelect Transformados\",\"description\":\"Empresa dedicada al mecanizado de precisi\u00f3n. Creada para abastecer las necesidades del sector aeroespacial y electr\u00f3nica.\",\"publisher\":{\"@id\":\"https:\/\/protelect.es\/#organization\"},\"potentialAction\":[{\"@type\":\"SearchAction\",\"target\":{\"@type\":\"EntryPoint\",\"urlTemplate\":\"https:\/\/protelect.es\/?s={search_term_string}\"},\"query-input\":{\"@type\":\"PropertyValueSpecification\",\"valueRequired\":true,\"valueName\":\"search_term_string\"}}],\"inLanguage\":\"es\"},{\"@type\":\"Organization\",\"@id\":\"https:\/\/protelect.es\/#organization\",\"name\":\"Protelect Transformados\",\"url\":\"https:\/\/protelect.es\/\",\"logo\":{\"@type\":\"ImageObject\",\"inLanguage\":\"es\",\"@id\":\"https:\/\/protelect.es\/#\/schema\/logo\/image\/\",\"url\":\"https:\/\/protelect.es\/wp-content\/uploads\/2025\/01\/cropped-cropped-Protelect-logo.jpg\",\"contentUrl\":\"https:\/\/protelect.es\/wp-content\/uploads\/2025\/01\/cropped-cropped-Protelect-logo.jpg\",\"width\":703,\"height\":228,\"caption\":\"Protelect Transformados\"},\"image\":{\"@id\":\"https:\/\/protelect.es\/#\/schema\/logo\/image\/\"}}]}<\/script>\n<!-- \/ Yoast SEO plugin. -->","yoast_head_json":{"title":"Soldadura TIG - Protelect Transformados","robots":{"index":"index","follow":"follow","max-snippet":"max-snippet:-1","max-image-preview":"max-image-preview:large","max-video-preview":"max-video-preview:-1"},"canonical":"https:\/\/protelect.es\/index.php\/soldadura-tig\/","og_locale":"es_ES","og_type":"article","og_title":"Soldadura TIG - Protelect Transformados","og_description":"Soldadura TIG En Protelect, nos enorgullecemos de ofrecer servicios de mecanizado de alta precisi\u00f3n, respaldados por a\u00f1os de experiencia y un compromiso inquebrantable con la calidad. Aunque no ofrecemos un servicio online, nuestro equipo de expertos est\u00e1 listo para colaborar estrechamente con usted, garantizando resultados que superen sus expectativas. Hemos perfeccionado nuestras t\u00e9cnicas y ampliado [&hellip;]","og_url":"https:\/\/protelect.es\/index.php\/soldadura-tig\/","og_site_name":"Protelect Transformados","article_modified_time":"2025-02-24T17:23:38+00:00","og_image":[{"width":1280,"height":853,"url":"https:\/\/protelect.es\/wp-content\/uploads\/2025\/02\/soldadura-tig.jpg","type":"image\/jpeg"}],"twitter_card":"summary_large_image","twitter_misc":{"Tiempo de lectura":"1 minuto"},"schema":{"@context":"https:\/\/schema.org","@graph":[{"@type":"WebPage","@id":"https:\/\/protelect.es\/index.php\/soldadura-tig\/","url":"https:\/\/protelect.es\/index.php\/soldadura-tig\/","name":"Soldadura TIG - Protelect Transformados","isPartOf":{"@id":"https:\/\/protelect.es\/#website"},"primaryImageOfPage":{"@id":"https:\/\/protelect.es\/index.php\/soldadura-tig\/#primaryimage"},"image":{"@id":"https:\/\/protelect.es\/index.php\/soldadura-tig\/#primaryimage"},"thumbnailUrl":"https:\/\/protelect.es\/wp-content\/uploads\/2025\/02\/soldadura-tig-1024x682.jpg","datePublished":"2025-02-24T17:23:10+00:00","dateModified":"2025-02-24T17:23:38+00:00","breadcrumb":{"@id":"https:\/\/protelect.es\/index.php\/soldadura-tig\/#breadcrumb"},"inLanguage":"es","potentialAction":[{"@type":"ReadAction","target":["https:\/\/protelect.es\/index.php\/soldadura-tig\/"]}]},{"@type":"ImageObject","inLanguage":"es","@id":"https:\/\/protelect.es\/index.php\/soldadura-tig\/#primaryimage","url":"https:\/\/protelect.es\/wp-content\/uploads\/2025\/02\/soldadura-tig.jpg","contentUrl":"https:\/\/protelect.es\/wp-content\/uploads\/2025\/02\/soldadura-tig.jpg","width":1280,"height":853,"caption":"soldadura-tig"},{"@type":"BreadcrumbList","@id":"https:\/\/protelect.es\/index.php\/soldadura-tig\/#breadcrumb","itemListElement":[{"@type":"ListItem","position":1,"name":"Portada","item":"https:\/\/protelect.es\/"},{"@type":"ListItem","position":2,"name":"Soldadura TIG"}]},{"@type":"WebSite","@id":"https:\/\/protelect.es\/#website","url":"https:\/\/protelect.es\/","name":"Protelect Transformados","description":"Empresa dedicada al mecanizado de precisi\u00f3n. Creada para abastecer las necesidades del sector aeroespacial y electr\u00f3nica.","publisher":{"@id":"https:\/\/protelect.es\/#organization"},"potentialAction":[{"@type":"SearchAction","target":{"@type":"EntryPoint","urlTemplate":"https:\/\/protelect.es\/?s={search_term_string}"},"query-input":{"@type":"PropertyValueSpecification","valueRequired":true,"valueName":"search_term_string"}}],"inLanguage":"es"},{"@type":"Organization","@id":"https:\/\/protelect.es\/#organization","name":"Protelect Transformados","url":"https:\/\/protelect.es\/","logo":{"@type":"ImageObject","inLanguage":"es","@id":"https:\/\/protelect.es\/#\/schema\/logo\/image\/","url":"https:\/\/protelect.es\/wp-content\/uploads\/2025\/01\/cropped-cropped-Protelect-logo.jpg","contentUrl":"https:\/\/protelect.es\/wp-content\/uploads\/2025\/01\/cropped-cropped-Protelect-logo.jpg","width":703,"height":228,"caption":"Protelect Transformados"},"image":{"@id":"https:\/\/protelect.es\/#\/schema\/logo\/image\/"}}]}},"_links":{"self":[{"href":"https:\/\/protelect.es\/index.php\/wp-json\/wp\/v2\/pages\/229","targetHints":{"allow":["GET"]}}],"collection":[{"href":"https:\/\/protelect.es\/index.php\/wp-json\/wp\/v2\/pages"}],"about":[{"href":"https:\/\/protelect.es\/index.php\/wp-json\/wp\/v2\/types\/page"}],"author":[{"embeddable":true,"href":"https:\/\/protelect.es\/index.php\/wp-json\/wp\/v2\/users\/1"}],"replies":[{"embeddable":true,"href":"https:\/\/protelect.es\/index.php\/wp-json\/wp\/v2\/comments?post=229"}],"version-history":[{"count":4,"href":"https:\/\/protelect.es\/index.php\/wp-json\/wp\/v2\/pages\/229\/revisions"}],"predecessor-version":[{"id":234,"href":"https:\/\/protelect.es\/index.php\/wp-json\/wp\/v2\/pages\/229\/revisions\/234"}],"wp:attachment":[{"href":"https:\/\/protelect.es\/index.php\/wp-json\/wp\/v2\/media?parent=229"}],"curies":[{"name":"wp","href":"https:\/\/api.w.org\/{rel}","templated":true}]}}