{"id":107,"date":"2025-01-27T12:54:39","date_gmt":"2025-01-27T12:54:39","guid":{"rendered":"https:\/\/protelect.es\/?page_id=107"},"modified":"2025-01-27T12:59:11","modified_gmt":"2025-01-27T12:59:11","slug":"electroerosion","status":"publish","type":"page","link":"https:\/\/protelect.es\/index.php\/electroerosion\/","title":{"rendered":"Electroerosi\u00f3n"},"content":{"rendered":"\t\t<div data-elementor-type=\"wp-page\" data-elementor-id=\"107\" class=\"elementor elementor-107\">\n\t\t\t\t<div class=\"elementor-element elementor-element-ae25dba e-flex e-con-boxed e-con e-parent\" data-id=\"ae25dba\" data-element_type=\"container\">\n\t\t\t\t\t<div class=\"e-con-inner\">\n\t\t\t\t<div class=\"elementor-element elementor-element-29a8844 elementor-widget elementor-widget-heading\" data-id=\"29a8844\" data-element_type=\"widget\" data-widget_type=\"heading.default\">\n\t\t\t\t<div class=\"elementor-widget-container\">\n\t\t\t\t\t<h1 class=\"elementor-heading-title elementor-size-default\">Electroerosi\u00f3n<\/h1>\t\t\t\t<\/div>\n\t\t\t\t<\/div>\n\t\t\t\t\t<\/div>\n\t\t\t\t<\/div>\n\t\t<div class=\"elementor-element elementor-element-c989d09 e-flex e-con-boxed e-con e-parent\" data-id=\"c989d09\" data-element_type=\"container\">\n\t\t\t\t\t<div class=\"e-con-inner\">\n\t\t<div class=\"elementor-element elementor-element-44da634 e-con-full e-flex e-con e-child\" data-id=\"44da634\" data-element_type=\"container\">\n\t\t\t\t<div class=\"elementor-element elementor-element-677784c elementor-widget elementor-widget-image\" data-id=\"677784c\" data-element_type=\"widget\" data-widget_type=\"image.default\">\n\t\t\t\t<div class=\"elementor-widget-container\">\n\t\t\t\t\t\t\t\t\t\t\t\t\t\t\t<img fetchpriority=\"high\" decoding=\"async\" width=\"768\" height=\"1024\" src=\"https:\/\/protelect.es\/wp-content\/uploads\/2025\/01\/centro-electroerosion-2-768x1024.jpg\" class=\"attachment-large size-large wp-image-63\" alt=\"centro-electroerosion\" srcset=\"https:\/\/protelect.es\/wp-content\/uploads\/2025\/01\/centro-electroerosion-2-768x1024.jpg 768w, https:\/\/protelect.es\/wp-content\/uploads\/2025\/01\/centro-electroerosion-2-225x300.jpg 225w, https:\/\/protelect.es\/wp-content\/uploads\/2025\/01\/centro-electroerosion-2.jpg 880w\" sizes=\"(max-width: 768px) 100vw, 768px\" \/>\t\t\t\t\t\t\t\t\t\t\t\t\t\t\t<\/div>\n\t\t\t\t<\/div>\n\t\t\t\t<\/div>\n\t\t<div class=\"elementor-element elementor-element-2b88294 e-con-full e-flex e-con e-child\" data-id=\"2b88294\" data-element_type=\"container\">\n\t\t\t\t<div class=\"elementor-element elementor-element-566afef elementor-widget elementor-widget-text-editor\" data-id=\"566afef\" data-element_type=\"widget\" data-widget_type=\"text-editor.default\">\n\t\t\t\t<div class=\"elementor-widget-container\">\n\t\t\t\t\t\t\t\t\t<p data-sourcepos=\"7:1-7:41\"><strong>Corte de Precisi\u00f3n por Electroerosi\u00f3n<\/strong><\/p><p data-sourcepos=\"9:1-9:125\">\u00bfNecesitas piezas con geometr\u00edas complejas y tolerancias ajustadas? Nuestra m\u00e1quina de electroerosi\u00f3n es la soluci\u00f3n ideal.<\/p><div class=\"attachment-container search-images\"><div class=\"image-container hide-from-message-actions ng-star-inserted\"><div class=\"caption ellipsis gds-label-m-alt ng-star-inserted\" aria-hidden=\"true\">Electroerosi\u00f3n de una pieza compleja<\/div><\/div><\/div><p data-sourcepos=\"13:1-13:179\">Utilizamos descargas el\u00e9ctricas controladas para cortar y dar forma a una amplia variedad de materiales conductores, como acero inoxidable, aluminio, cobre y carburo de tungsteno.<\/p><p data-sourcepos=\"15:1-15:15\"><strong>Beneficios:<\/strong><\/p><ul data-sourcepos=\"17:1-21:0\"><li data-sourcepos=\"17:1-17:88\"><strong>Precisi\u00f3n extrema:<\/strong> Tolerancias de micras y acabados superficiales de alta calidad.<\/li><li data-sourcepos=\"18:1-18:92\"><strong>Geometr\u00edas complejas:<\/strong> Cortes internos, cavidades y formas especiales sin limitaciones.<\/li><li data-sourcepos=\"19:1-19:89\"><strong>Materiales duros:<\/strong> Mecanizado de materiales dif\u00edciles de trabajar por otros m\u00e9todos.<\/li><li data-sourcepos=\"20:1-21:0\"><strong>Sin deformaci\u00f3n:<\/strong> No se generan tensiones ni rebabas en la pieza.<\/li><\/ul><h3 data-sourcepos=\"22:1-22:55\">\u00a0<\/h3>\t\t\t\t\t\t\t\t<\/div>\n\t\t\t\t<\/div>\n\t\t\t\t<\/div>\n\t\t\t\t\t<\/div>\n\t\t\t\t<\/div>\n\t\t\t\t<\/div>\n\t\t","protected":false},"excerpt":{"rendered":"<p>Electroerosi\u00f3n Corte de Precisi\u00f3n por Electroerosi\u00f3n \u00bfNecesitas piezas con geometr\u00edas complejas y tolerancias ajustadas? Nuestra m\u00e1quina de electroerosi\u00f3n es la soluci\u00f3n ideal. Electroerosi\u00f3n de una pieza compleja Utilizamos descargas el\u00e9ctricas controladas para cortar y dar forma a una amplia variedad de materiales conductores, como acero inoxidable, aluminio, cobre y carburo de tungsteno. Beneficios: Precisi\u00f3n extrema: [&hellip;]<\/p>\n","protected":false},"author":1,"featured_media":0,"parent":0,"menu_order":0,"comment_status":"closed","ping_status":"closed","template":"","meta":{"footnotes":""},"class_list":["post-107","page","type-page","status-publish","hentry"],"yoast_head":"<!-- This site is optimized with the Yoast SEO plugin v24.5 - https:\/\/yoast.com\/wordpress\/plugins\/seo\/ -->\n<title>Electroerosi\u00f3n - Protelect Transformados<\/title>\n<meta name=\"robots\" content=\"index, follow, max-snippet:-1, max-image-preview:large, max-video-preview:-1\" \/>\n<link rel=\"canonical\" href=\"https:\/\/protelect.es\/index.php\/electroerosion\/\" \/>\n<meta property=\"og:locale\" content=\"es_ES\" \/>\n<meta property=\"og:type\" content=\"article\" \/>\n<meta property=\"og:title\" content=\"Electroerosi\u00f3n - Protelect Transformados\" \/>\n<meta property=\"og:description\" content=\"Electroerosi\u00f3n Corte de Precisi\u00f3n por Electroerosi\u00f3n \u00bfNecesitas piezas con geometr\u00edas complejas y tolerancias ajustadas? Nuestra m\u00e1quina de electroerosi\u00f3n es la soluci\u00f3n ideal. Electroerosi\u00f3n de una pieza compleja Utilizamos descargas el\u00e9ctricas controladas para cortar y dar forma a una amplia variedad de materiales conductores, como acero inoxidable, aluminio, cobre y carburo de tungsteno. Beneficios: Precisi\u00f3n extrema: [&hellip;]\" \/>\n<meta property=\"og:url\" content=\"https:\/\/protelect.es\/index.php\/electroerosion\/\" \/>\n<meta property=\"og:site_name\" content=\"Protelect Transformados\" \/>\n<meta property=\"article:modified_time\" content=\"2025-01-27T12:59:11+00:00\" \/>\n<meta property=\"og:image\" content=\"https:\/\/protelect.es\/wp-content\/uploads\/2025\/01\/centro-electroerosion-2.jpg\" \/>\n\t<meta property=\"og:image:width\" content=\"880\" \/>\n\t<meta property=\"og:image:height\" content=\"1173\" \/>\n\t<meta property=\"og:image:type\" content=\"image\/jpeg\" \/>\n<meta name=\"twitter:card\" content=\"summary_large_image\" \/>\n<meta name=\"twitter:label1\" content=\"Tiempo de lectura\" \/>\n\t<meta name=\"twitter:data1\" content=\"1 minuto\" \/>\n<script type=\"application\/ld+json\" class=\"yoast-schema-graph\">{\"@context\":\"https:\/\/schema.org\",\"@graph\":[{\"@type\":\"WebPage\",\"@id\":\"https:\/\/protelect.es\/index.php\/electroerosion\/\",\"url\":\"https:\/\/protelect.es\/index.php\/electroerosion\/\",\"name\":\"Electroerosi\u00f3n - Protelect Transformados\",\"isPartOf\":{\"@id\":\"https:\/\/protelect.es\/#website\"},\"primaryImageOfPage\":{\"@id\":\"https:\/\/protelect.es\/index.php\/electroerosion\/#primaryimage\"},\"image\":{\"@id\":\"https:\/\/protelect.es\/index.php\/electroerosion\/#primaryimage\"},\"thumbnailUrl\":\"https:\/\/protelect.es\/wp-content\/uploads\/2025\/01\/centro-electroerosion-2-768x1024.jpg\",\"datePublished\":\"2025-01-27T12:54:39+00:00\",\"dateModified\":\"2025-01-27T12:59:11+00:00\",\"breadcrumb\":{\"@id\":\"https:\/\/protelect.es\/index.php\/electroerosion\/#breadcrumb\"},\"inLanguage\":\"es\",\"potentialAction\":[{\"@type\":\"ReadAction\",\"target\":[\"https:\/\/protelect.es\/index.php\/electroerosion\/\"]}]},{\"@type\":\"ImageObject\",\"inLanguage\":\"es\",\"@id\":\"https:\/\/protelect.es\/index.php\/electroerosion\/#primaryimage\",\"url\":\"https:\/\/protelect.es\/wp-content\/uploads\/2025\/01\/centro-electroerosion-2.jpg\",\"contentUrl\":\"https:\/\/protelect.es\/wp-content\/uploads\/2025\/01\/centro-electroerosion-2.jpg\",\"width\":880,\"height\":1173,\"caption\":\"centro-electroerosion\"},{\"@type\":\"BreadcrumbList\",\"@id\":\"https:\/\/protelect.es\/index.php\/electroerosion\/#breadcrumb\",\"itemListElement\":[{\"@type\":\"ListItem\",\"position\":1,\"name\":\"Portada\",\"item\":\"https:\/\/protelect.es\/\"},{\"@type\":\"ListItem\",\"position\":2,\"name\":\"Electroerosi\u00f3n\"}]},{\"@type\":\"WebSite\",\"@id\":\"https:\/\/protelect.es\/#website\",\"url\":\"https:\/\/protelect.es\/\",\"name\":\"Protelect Transformados\",\"description\":\"Empresa dedicada al mecanizado de precisi\u00f3n. Creada para abastecer las necesidades del sector aeroespacial y electr\u00f3nica.\",\"publisher\":{\"@id\":\"https:\/\/protelect.es\/#organization\"},\"potentialAction\":[{\"@type\":\"SearchAction\",\"target\":{\"@type\":\"EntryPoint\",\"urlTemplate\":\"https:\/\/protelect.es\/?s={search_term_string}\"},\"query-input\":{\"@type\":\"PropertyValueSpecification\",\"valueRequired\":true,\"valueName\":\"search_term_string\"}}],\"inLanguage\":\"es\"},{\"@type\":\"Organization\",\"@id\":\"https:\/\/protelect.es\/#organization\",\"name\":\"Protelect Transformados\",\"url\":\"https:\/\/protelect.es\/\",\"logo\":{\"@type\":\"ImageObject\",\"inLanguage\":\"es\",\"@id\":\"https:\/\/protelect.es\/#\/schema\/logo\/image\/\",\"url\":\"https:\/\/protelect.es\/wp-content\/uploads\/2025\/01\/cropped-cropped-Protelect-logo.jpg\",\"contentUrl\":\"https:\/\/protelect.es\/wp-content\/uploads\/2025\/01\/cropped-cropped-Protelect-logo.jpg\",\"width\":703,\"height\":228,\"caption\":\"Protelect Transformados\"},\"image\":{\"@id\":\"https:\/\/protelect.es\/#\/schema\/logo\/image\/\"}}]}<\/script>\n<!-- \/ Yoast SEO plugin. -->","yoast_head_json":{"title":"Electroerosi\u00f3n - Protelect Transformados","robots":{"index":"index","follow":"follow","max-snippet":"max-snippet:-1","max-image-preview":"max-image-preview:large","max-video-preview":"max-video-preview:-1"},"canonical":"https:\/\/protelect.es\/index.php\/electroerosion\/","og_locale":"es_ES","og_type":"article","og_title":"Electroerosi\u00f3n - Protelect Transformados","og_description":"Electroerosi\u00f3n Corte de Precisi\u00f3n por Electroerosi\u00f3n \u00bfNecesitas piezas con geometr\u00edas complejas y tolerancias ajustadas? Nuestra m\u00e1quina de electroerosi\u00f3n es la soluci\u00f3n ideal. Electroerosi\u00f3n de una pieza compleja Utilizamos descargas el\u00e9ctricas controladas para cortar y dar forma a una amplia variedad de materiales conductores, como acero inoxidable, aluminio, cobre y carburo de tungsteno. Beneficios: Precisi\u00f3n extrema: [&hellip;]","og_url":"https:\/\/protelect.es\/index.php\/electroerosion\/","og_site_name":"Protelect Transformados","article_modified_time":"2025-01-27T12:59:11+00:00","og_image":[{"width":880,"height":1173,"url":"https:\/\/protelect.es\/wp-content\/uploads\/2025\/01\/centro-electroerosion-2.jpg","type":"image\/jpeg"}],"twitter_card":"summary_large_image","twitter_misc":{"Tiempo de lectura":"1 minuto"},"schema":{"@context":"https:\/\/schema.org","@graph":[{"@type":"WebPage","@id":"https:\/\/protelect.es\/index.php\/electroerosion\/","url":"https:\/\/protelect.es\/index.php\/electroerosion\/","name":"Electroerosi\u00f3n - Protelect Transformados","isPartOf":{"@id":"https:\/\/protelect.es\/#website"},"primaryImageOfPage":{"@id":"https:\/\/protelect.es\/index.php\/electroerosion\/#primaryimage"},"image":{"@id":"https:\/\/protelect.es\/index.php\/electroerosion\/#primaryimage"},"thumbnailUrl":"https:\/\/protelect.es\/wp-content\/uploads\/2025\/01\/centro-electroerosion-2-768x1024.jpg","datePublished":"2025-01-27T12:54:39+00:00","dateModified":"2025-01-27T12:59:11+00:00","breadcrumb":{"@id":"https:\/\/protelect.es\/index.php\/electroerosion\/#breadcrumb"},"inLanguage":"es","potentialAction":[{"@type":"ReadAction","target":["https:\/\/protelect.es\/index.php\/electroerosion\/"]}]},{"@type":"ImageObject","inLanguage":"es","@id":"https:\/\/protelect.es\/index.php\/electroerosion\/#primaryimage","url":"https:\/\/protelect.es\/wp-content\/uploads\/2025\/01\/centro-electroerosion-2.jpg","contentUrl":"https:\/\/protelect.es\/wp-content\/uploads\/2025\/01\/centro-electroerosion-2.jpg","width":880,"height":1173,"caption":"centro-electroerosion"},{"@type":"BreadcrumbList","@id":"https:\/\/protelect.es\/index.php\/electroerosion\/#breadcrumb","itemListElement":[{"@type":"ListItem","position":1,"name":"Portada","item":"https:\/\/protelect.es\/"},{"@type":"ListItem","position":2,"name":"Electroerosi\u00f3n"}]},{"@type":"WebSite","@id":"https:\/\/protelect.es\/#website","url":"https:\/\/protelect.es\/","name":"Protelect Transformados","description":"Empresa dedicada al mecanizado de precisi\u00f3n. Creada para abastecer las necesidades del sector aeroespacial y electr\u00f3nica.","publisher":{"@id":"https:\/\/protelect.es\/#organization"},"potentialAction":[{"@type":"SearchAction","target":{"@type":"EntryPoint","urlTemplate":"https:\/\/protelect.es\/?s={search_term_string}"},"query-input":{"@type":"PropertyValueSpecification","valueRequired":true,"valueName":"search_term_string"}}],"inLanguage":"es"},{"@type":"Organization","@id":"https:\/\/protelect.es\/#organization","name":"Protelect Transformados","url":"https:\/\/protelect.es\/","logo":{"@type":"ImageObject","inLanguage":"es","@id":"https:\/\/protelect.es\/#\/schema\/logo\/image\/","url":"https:\/\/protelect.es\/wp-content\/uploads\/2025\/01\/cropped-cropped-Protelect-logo.jpg","contentUrl":"https:\/\/protelect.es\/wp-content\/uploads\/2025\/01\/cropped-cropped-Protelect-logo.jpg","width":703,"height":228,"caption":"Protelect Transformados"},"image":{"@id":"https:\/\/protelect.es\/#\/schema\/logo\/image\/"}}]}},"_links":{"self":[{"href":"https:\/\/protelect.es\/index.php\/wp-json\/wp\/v2\/pages\/107","targetHints":{"allow":["GET"]}}],"collection":[{"href":"https:\/\/protelect.es\/index.php\/wp-json\/wp\/v2\/pages"}],"about":[{"href":"https:\/\/protelect.es\/index.php\/wp-json\/wp\/v2\/types\/page"}],"author":[{"embeddable":true,"href":"https:\/\/protelect.es\/index.php\/wp-json\/wp\/v2\/users\/1"}],"replies":[{"embeddable":true,"href":"https:\/\/protelect.es\/index.php\/wp-json\/wp\/v2\/comments?post=107"}],"version-history":[{"count":5,"href":"https:\/\/protelect.es\/index.php\/wp-json\/wp\/v2\/pages\/107\/revisions"}],"predecessor-version":[{"id":207,"href":"https:\/\/protelect.es\/index.php\/wp-json\/wp\/v2\/pages\/107\/revisions\/207"}],"wp:attachment":[{"href":"https:\/\/protelect.es\/index.php\/wp-json\/wp\/v2\/media?parent=107"}],"curies":[{"name":"wp","href":"https:\/\/api.w.org\/{rel}","templated":true}]}}